{"id":11461,"date":"2022-02-24T19:15:53","date_gmt":"2022-02-24T19:15:53","guid":{"rendered":"https:\/\/www.xdefi.io\/support\/"},"modified":"2023-08-24T12:34:08","modified_gmt":"2023-08-24T11:34:08","slug":"akademi","status":"publish","type":"page","link":"https:\/\/www.xdefi.io\/tr\/akademi\/","title":{"rendered":"Akademi"},"content":{"rendered":"<p>Bu sayfa \u015furaya ta\u015f\u0131nd\u0131: <a href=\"https:\/\/www.xdefi.io\/tr\/support\/\">https:\/\/www.xdefi.io\/tr\/support\/<\/a>.<\/p>\n","protected":false},"excerpt":{"rendered":"<p>Bu sayfa \u015furaya ta\u015f\u0131nd\u0131: https:\/\/www.xdefi.io\/tr\/support\/.<\/p>\n","protected":false},"author":1,"featured_media":0,"parent":0,"menu_order":0,"comment_status":"closed","ping_status":"closed","template":"","meta":{"footnotes":""},"class_list":["post-11461","page","type-page","status-publish","hentry"],"acf":[],"yoast_head":"<!-- This site is optimized with the Yoast SEO plugin v26.8 - https:\/\/yoast.com\/product\/yoast-seo-wordpress\/ -->\n<title>XDEFI C\u00fczdan Bilgi Bankas\u0131<\/title>\n<meta name=\"description\" content=\"\u0130htiyac\u0131n\u0131z olan bilgilerle web3&#039;te g\u00fcvenli bir \u015fekilde gezinmenize yard\u0131mc\u0131 olacak \u00e7ok say\u0131da makale bulun. XDEFI C\u00fczdan, en iyi c\u00fczdan...\" \/>\n<meta name=\"robots\" content=\"index, follow, max-snippet:-1, max-image-preview:large, max-video-preview:-1\" \/>\n<link rel=\"canonical\" href=\"https:\/\/www.xdefi.io\/tr\/akademi\/\" \/>\n<meta property=\"og:locale\" content=\"tr_TR\" \/>\n<meta property=\"og:type\" content=\"article\" \/>\n<meta property=\"og:title\" content=\"XDEFI C\u00fczdan Bilgi Bankas\u0131\" \/>\n<meta property=\"og:description\" content=\"\u0130htiyac\u0131n\u0131z olan bilgilerle web3&#039;te g\u00fcvenli bir \u015fekilde gezinmenize yard\u0131mc\u0131 olacak \u00e7ok say\u0131da makale bulun. XDEFI C\u00fczdan, en iyi c\u00fczdan...\" \/>\n<meta property=\"og:url\" content=\"https:\/\/www.xdefi.io\/tr\/akademi\/\" \/>\n<meta property=\"og:site_name\" content=\"XDEFI Technologies\" \/>\n<meta property=\"article:modified_time\" content=\"2023-08-24T11:34:08+00:00\" \/>\n<meta property=\"og:image\" content=\"https:\/\/www.xdefi.io\/wp-content\/uploads\/2024\/05\/seo-banner.png\" \/>\n\t<meta property=\"og:image:width\" content=\"1920\" \/>\n\t<meta property=\"og:image:height\" content=\"1080\" \/>\n\t<meta property=\"og:image:type\" content=\"image\/png\" \/>\n<meta name=\"twitter:card\" content=\"summary_large_image\" \/>\n<script type=\"application\/ld+json\" class=\"yoast-schema-graph\">{\"@context\":\"https:\/\/schema.org\",\"@graph\":[{\"@type\":\"WebPage\",\"@id\":\"https:\/\/www.xdefi.io\/tr\/akademi\/\",\"url\":\"https:\/\/www.xdefi.io\/tr\/akademi\/\",\"name\":\"XDEFI C\u00fczdan Bilgi Bankas\u0131\",\"isPartOf\":{\"@id\":\"https:\/\/www.xdefi.io\/#website\"},\"datePublished\":\"2022-02-24T19:15:53+00:00\",\"dateModified\":\"2023-08-24T11:34:08+00:00\",\"description\":\"\u0130htiyac\u0131n\u0131z olan bilgilerle web3'te g\u00fcvenli bir \u015fekilde gezinmenize yard\u0131mc\u0131 olacak \u00e7ok say\u0131da makale bulun. XDEFI C\u00fczdan, en iyi c\u00fczdan...\",\"breadcrumb\":{\"@id\":\"https:\/\/www.xdefi.io\/tr\/akademi\/#breadcrumb\"},\"inLanguage\":\"tr-TR\",\"potentialAction\":[{\"@type\":\"ReadAction\",\"target\":[\"https:\/\/www.xdefi.io\/tr\/akademi\/\"]}]},{\"@type\":\"BreadcrumbList\",\"@id\":\"https:\/\/www.xdefi.io\/tr\/akademi\/#breadcrumb\",\"itemListElement\":[{\"@type\":\"ListItem\",\"position\":1,\"name\":\"Home\",\"item\":\"https:\/\/www.xdefi.io\/tr\/\"},{\"@type\":\"ListItem\",\"position\":2,\"name\":\"Akademi\"}]},{\"@type\":\"WebSite\",\"@id\":\"https:\/\/www.xdefi.io\/#website\",\"url\":\"https:\/\/www.xdefi.io\/\",\"name\":\"XDEFI Technologies\",\"description\":\"\",\"potentialAction\":[{\"@type\":\"SearchAction\",\"target\":{\"@type\":\"EntryPoint\",\"urlTemplate\":\"https:\/\/www.xdefi.io\/?s={search_term_string}\"},\"query-input\":{\"@type\":\"PropertyValueSpecification\",\"valueRequired\":true,\"valueName\":\"search_term_string\"}}],\"inLanguage\":\"tr-TR\"}]}<\/script>\n<!-- \/ Yoast SEO plugin. -->","yoast_head_json":{"title":"XDEFI C\u00fczdan Bilgi Bankas\u0131","description":"\u0130htiyac\u0131n\u0131z olan bilgilerle web3'te g\u00fcvenli bir \u015fekilde gezinmenize yard\u0131mc\u0131 olacak \u00e7ok say\u0131da makale bulun. XDEFI C\u00fczdan, en iyi c\u00fczdan...","robots":{"index":"index","follow":"follow","max-snippet":"max-snippet:-1","max-image-preview":"max-image-preview:large","max-video-preview":"max-video-preview:-1"},"canonical":"https:\/\/www.xdefi.io\/tr\/akademi\/","og_locale":"tr_TR","og_type":"article","og_title":"XDEFI C\u00fczdan Bilgi Bankas\u0131","og_description":"\u0130htiyac\u0131n\u0131z olan bilgilerle web3'te g\u00fcvenli bir \u015fekilde gezinmenize yard\u0131mc\u0131 olacak \u00e7ok say\u0131da makale bulun. XDEFI C\u00fczdan, en iyi c\u00fczdan...","og_url":"https:\/\/www.xdefi.io\/tr\/akademi\/","og_site_name":"XDEFI Technologies","article_modified_time":"2023-08-24T11:34:08+00:00","og_image":[{"width":1920,"height":1080,"url":"https:\/\/www.xdefi.io\/wp-content\/uploads\/2024\/05\/seo-banner.png","type":"image\/png"}],"twitter_card":"summary_large_image","schema":{"@context":"https:\/\/schema.org","@graph":[{"@type":"WebPage","@id":"https:\/\/www.xdefi.io\/tr\/akademi\/","url":"https:\/\/www.xdefi.io\/tr\/akademi\/","name":"XDEFI C\u00fczdan Bilgi Bankas\u0131","isPartOf":{"@id":"https:\/\/www.xdefi.io\/#website"},"datePublished":"2022-02-24T19:15:53+00:00","dateModified":"2023-08-24T11:34:08+00:00","description":"\u0130htiyac\u0131n\u0131z olan bilgilerle web3'te g\u00fcvenli bir \u015fekilde gezinmenize yard\u0131mc\u0131 olacak \u00e7ok say\u0131da makale bulun. XDEFI C\u00fczdan, en iyi c\u00fczdan...","breadcrumb":{"@id":"https:\/\/www.xdefi.io\/tr\/akademi\/#breadcrumb"},"inLanguage":"tr-TR","potentialAction":[{"@type":"ReadAction","target":["https:\/\/www.xdefi.io\/tr\/akademi\/"]}]},{"@type":"BreadcrumbList","@id":"https:\/\/www.xdefi.io\/tr\/akademi\/#breadcrumb","itemListElement":[{"@type":"ListItem","position":1,"name":"Home","item":"https:\/\/www.xdefi.io\/tr\/"},{"@type":"ListItem","position":2,"name":"Akademi"}]},{"@type":"WebSite","@id":"https:\/\/www.xdefi.io\/#website","url":"https:\/\/www.xdefi.io\/","name":"XDEFI Technologies","description":"","potentialAction":[{"@type":"SearchAction","target":{"@type":"EntryPoint","urlTemplate":"https:\/\/www.xdefi.io\/?s={search_term_string}"},"query-input":{"@type":"PropertyValueSpecification","valueRequired":true,"valueName":"search_term_string"}}],"inLanguage":"tr-TR"}]}},"_links":{"self":[{"href":"https:\/\/www.xdefi.io\/tr\/wp-json\/wp\/v2\/pages\/11461","targetHints":{"allow":["GET"]}}],"collection":[{"href":"https:\/\/www.xdefi.io\/tr\/wp-json\/wp\/v2\/pages"}],"about":[{"href":"https:\/\/www.xdefi.io\/tr\/wp-json\/wp\/v2\/types\/page"}],"author":[{"embeddable":true,"href":"https:\/\/www.xdefi.io\/tr\/wp-json\/wp\/v2\/users\/1"}],"replies":[{"embeddable":true,"href":"https:\/\/www.xdefi.io\/tr\/wp-json\/wp\/v2\/comments?post=11461"}],"version-history":[{"count":3,"href":"https:\/\/www.xdefi.io\/tr\/wp-json\/wp\/v2\/pages\/11461\/revisions"}],"predecessor-version":[{"id":19441,"href":"https:\/\/www.xdefi.io\/tr\/wp-json\/wp\/v2\/pages\/11461\/revisions\/19441"}],"wp:attachment":[{"href":"https:\/\/www.xdefi.io\/tr\/wp-json\/wp\/v2\/media?parent=11461"}],"curies":[{"name":"wp","href":"https:\/\/api.w.org\/{rel}","templated":true}]}}