{"id":7300,"date":"2022-02-24T19:15:53","date_gmt":"2022-02-24T19:15:53","guid":{"rendered":"https:\/\/www.xdefi.io\/support\/"},"modified":"2023-08-24T12:33:05","modified_gmt":"2023-08-24T11:33:05","slug":"academia","status":"publish","type":"page","link":"https:\/\/www.xdefi.io\/es\/academia\/","title":{"rendered":"Academia"},"content":{"rendered":"<p>Esta p\u00e1gina ha sido movida a <a href=\"https:\/\/www.xdefi.io\/es\/support\/\">https:\/\/www.xdefi.io\/es\/support\/.<\/a><\/p>\n","protected":false},"excerpt":{"rendered":"<p>Esta p\u00e1gina ha sido movida a https:\/\/www.xdefi.io\/es\/support\/.<\/p>\n","protected":false},"author":1,"featured_media":0,"parent":0,"menu_order":0,"comment_status":"closed","ping_status":"closed","template":"","meta":{"footnotes":""},"class_list":["post-7300","page","type-page","status-publish","hentry"],"acf":[],"yoast_head":"<!-- This site is optimized with the Yoast SEO plugin v26.8 - https:\/\/yoast.com\/product\/yoast-seo-wordpress\/ -->\n<title>Base de conocimiento de XDEFI Wallet<\/title>\n<meta name=\"description\" content=\"Encuentra cantidad de art\u00edculos que te ayudar\u00e1n a navegar a trav\u00e9s de la web3 de manera segura y con el conocimiento que necesitas. XDEFI Wallet, la mejor wallet...\" \/>\n<meta name=\"robots\" content=\"index, follow, max-snippet:-1, max-image-preview:large, max-video-preview:-1\" \/>\n<link rel=\"canonical\" href=\"https:\/\/www.xdefi.io\/es\/academia\/\" \/>\n<meta property=\"og:locale\" content=\"es_ES\" \/>\n<meta property=\"og:type\" content=\"article\" \/>\n<meta property=\"og:title\" content=\"Base de conocimiento de XDEFI Wallet\" \/>\n<meta property=\"og:description\" content=\"Encuentra cantidad de art\u00edculos que te ayudar\u00e1n a navegar a trav\u00e9s de la web3 de manera segura y con el conocimiento que necesitas. XDEFI Wallet, la mejor wallet...\" \/>\n<meta property=\"og:url\" content=\"https:\/\/www.xdefi.io\/es\/academia\/\" \/>\n<meta property=\"og:site_name\" content=\"XDEFI Technologies\" \/>\n<meta property=\"article:modified_time\" content=\"2023-08-24T11:33:05+00:00\" \/>\n<meta property=\"og:image\" content=\"https:\/\/www.xdefi.io\/wp-content\/uploads\/2024\/05\/seo-banner.png\" \/>\n\t<meta property=\"og:image:width\" content=\"1920\" \/>\n\t<meta property=\"og:image:height\" content=\"1080\" \/>\n\t<meta property=\"og:image:type\" content=\"image\/png\" \/>\n<meta name=\"twitter:card\" content=\"summary_large_image\" \/>\n<script type=\"application\/ld+json\" class=\"yoast-schema-graph\">{\"@context\":\"https:\/\/schema.org\",\"@graph\":[{\"@type\":\"WebPage\",\"@id\":\"https:\/\/www.xdefi.io\/es\/academia\/\",\"url\":\"https:\/\/www.xdefi.io\/es\/academia\/\",\"name\":\"Base de conocimiento de XDEFI Wallet\",\"isPartOf\":{\"@id\":\"https:\/\/www.xdefi.io\/#website\"},\"datePublished\":\"2022-02-24T19:15:53+00:00\",\"dateModified\":\"2023-08-24T11:33:05+00:00\",\"description\":\"Encuentra cantidad de art\u00edculos que te ayudar\u00e1n a navegar a trav\u00e9s de la web3 de manera segura y con el conocimiento que necesitas. XDEFI Wallet, la mejor wallet...\",\"breadcrumb\":{\"@id\":\"https:\/\/www.xdefi.io\/es\/academia\/#breadcrumb\"},\"inLanguage\":\"es-ES\",\"potentialAction\":[{\"@type\":\"ReadAction\",\"target\":[\"https:\/\/www.xdefi.io\/es\/academia\/\"]}]},{\"@type\":\"BreadcrumbList\",\"@id\":\"https:\/\/www.xdefi.io\/es\/academia\/#breadcrumb\",\"itemListElement\":[{\"@type\":\"ListItem\",\"position\":1,\"name\":\"Home\",\"item\":\"https:\/\/www.xdefi.io\/es\/\"},{\"@type\":\"ListItem\",\"position\":2,\"name\":\"Academia\"}]},{\"@type\":\"WebSite\",\"@id\":\"https:\/\/www.xdefi.io\/#website\",\"url\":\"https:\/\/www.xdefi.io\/\",\"name\":\"XDEFI Technologies\",\"description\":\"\",\"potentialAction\":[{\"@type\":\"SearchAction\",\"target\":{\"@type\":\"EntryPoint\",\"urlTemplate\":\"https:\/\/www.xdefi.io\/?s={search_term_string}\"},\"query-input\":{\"@type\":\"PropertyValueSpecification\",\"valueRequired\":true,\"valueName\":\"search_term_string\"}}],\"inLanguage\":\"es-ES\"}]}<\/script>\n<!-- \/ Yoast SEO plugin. -->","yoast_head_json":{"title":"Base de conocimiento de XDEFI Wallet","description":"Encuentra cantidad de art\u00edculos que te ayudar\u00e1n a navegar a trav\u00e9s de la web3 de manera segura y con el conocimiento que necesitas. XDEFI Wallet, la mejor wallet...","robots":{"index":"index","follow":"follow","max-snippet":"max-snippet:-1","max-image-preview":"max-image-preview:large","max-video-preview":"max-video-preview:-1"},"canonical":"https:\/\/www.xdefi.io\/es\/academia\/","og_locale":"es_ES","og_type":"article","og_title":"Base de conocimiento de XDEFI Wallet","og_description":"Encuentra cantidad de art\u00edculos que te ayudar\u00e1n a navegar a trav\u00e9s de la web3 de manera segura y con el conocimiento que necesitas. XDEFI Wallet, la mejor wallet...","og_url":"https:\/\/www.xdefi.io\/es\/academia\/","og_site_name":"XDEFI Technologies","article_modified_time":"2023-08-24T11:33:05+00:00","og_image":[{"width":1920,"height":1080,"url":"https:\/\/www.xdefi.io\/wp-content\/uploads\/2024\/05\/seo-banner.png","type":"image\/png"}],"twitter_card":"summary_large_image","schema":{"@context":"https:\/\/schema.org","@graph":[{"@type":"WebPage","@id":"https:\/\/www.xdefi.io\/es\/academia\/","url":"https:\/\/www.xdefi.io\/es\/academia\/","name":"Base de conocimiento de XDEFI Wallet","isPartOf":{"@id":"https:\/\/www.xdefi.io\/#website"},"datePublished":"2022-02-24T19:15:53+00:00","dateModified":"2023-08-24T11:33:05+00:00","description":"Encuentra cantidad de art\u00edculos que te ayudar\u00e1n a navegar a trav\u00e9s de la web3 de manera segura y con el conocimiento que necesitas. XDEFI Wallet, la mejor wallet...","breadcrumb":{"@id":"https:\/\/www.xdefi.io\/es\/academia\/#breadcrumb"},"inLanguage":"es-ES","potentialAction":[{"@type":"ReadAction","target":["https:\/\/www.xdefi.io\/es\/academia\/"]}]},{"@type":"BreadcrumbList","@id":"https:\/\/www.xdefi.io\/es\/academia\/#breadcrumb","itemListElement":[{"@type":"ListItem","position":1,"name":"Home","item":"https:\/\/www.xdefi.io\/es\/"},{"@type":"ListItem","position":2,"name":"Academia"}]},{"@type":"WebSite","@id":"https:\/\/www.xdefi.io\/#website","url":"https:\/\/www.xdefi.io\/","name":"XDEFI Technologies","description":"","potentialAction":[{"@type":"SearchAction","target":{"@type":"EntryPoint","urlTemplate":"https:\/\/www.xdefi.io\/?s={search_term_string}"},"query-input":{"@type":"PropertyValueSpecification","valueRequired":true,"valueName":"search_term_string"}}],"inLanguage":"es-ES"}]}},"_links":{"self":[{"href":"https:\/\/www.xdefi.io\/es\/wp-json\/wp\/v2\/pages\/7300","targetHints":{"allow":["GET"]}}],"collection":[{"href":"https:\/\/www.xdefi.io\/es\/wp-json\/wp\/v2\/pages"}],"about":[{"href":"https:\/\/www.xdefi.io\/es\/wp-json\/wp\/v2\/types\/page"}],"author":[{"embeddable":true,"href":"https:\/\/www.xdefi.io\/es\/wp-json\/wp\/v2\/users\/1"}],"replies":[{"embeddable":true,"href":"https:\/\/www.xdefi.io\/es\/wp-json\/wp\/v2\/comments?post=7300"}],"version-history":[{"count":4,"href":"https:\/\/www.xdefi.io\/es\/wp-json\/wp\/v2\/pages\/7300\/revisions"}],"predecessor-version":[{"id":19440,"href":"https:\/\/www.xdefi.io\/es\/wp-json\/wp\/v2\/pages\/7300\/revisions\/19440"}],"wp:attachment":[{"href":"https:\/\/www.xdefi.io\/es\/wp-json\/wp\/v2\/media?parent=7300"}],"curies":[{"name":"wp","href":"https:\/\/api.w.org\/{rel}","templated":true}]}}